{"id":218,"date":"2022-07-22T16:21:18","date_gmt":"2022-07-22T14:21:18","guid":{"rendered":"https:\/\/zverissimo.sk\/podcast\/?page_id=218"},"modified":"2022-07-22T16:21:18","modified_gmt":"2022-07-22T14:21:18","slug":"zasady-cookies","status":"publish","type":"page","link":"https:\/\/zverissimo.sk\/podcast\/zasady-cookies\/","title":{"rendered":"Z\u00e1sady cookies"},"content":{"rendered":"<h3>O z\u00e1sad\u00e1ch pou\u017e\u00edvania s\u00faborov cookies.<\/h3>\n<p>Tieto Z\u00e1sady pou\u017e\u00edvania s\u00faborov cookies vysvet\u013euj\u00fa, \u010do s\u00fa s\u00fabory cookie a ako ich pou\u017e\u00edvame. Mali by ste si pre\u010d\u00edta\u0165 tieto z\u00e1sady, aby ste pochopili, \u010do s\u00fa s\u00fabory cookies, ako ich pou\u017e\u00edvame, ak\u00e9 typy s\u00faborov cookies pou\u017e\u00edvame, t. j. ak\u00e9 inform\u00e1cie zhroma\u017e\u010fujeme pomocou s\u00faborov cookies a ako sa tieto inform\u00e1cie pou\u017e\u00edvaj\u00fa a ako ovl\u00e1da\u0165 preferencie s\u00faborov cookies. \u010eal\u0161ie inform\u00e1cie o tom, ako pou\u017e\u00edvame, uchov\u00e1vame a uchov\u00e1vame va\u0161e osobn\u00e9 \u00fadaje v bezpe\u010d\u00ed, n\u00e1jdete v na\u0161ich Z\u00e1sad\u00e1ch ochrany osobn\u00fdch \u00fadajov. Svoj s\u00fahlas s vyhl\u00e1sen\u00edm o s\u00faboroch cookies na na\u0161ej webovej lokalite m\u00f4\u017eete kedyko\u013evek zmeni\u0165 alebo odvola\u0165. Viac o tom, kto sme, ako n\u00e1s m\u00f4\u017eete kontaktova\u0165 a ako sprac\u00favame osobn\u00e9 \u00fadaje, n\u00e1jdete v na\u0161ich Z\u00e1sad\u00e1ch ochrany osobn\u00fdch \u00fadajov. V\u00e1\u0161 s\u00fahlas sa vz\u0165ahuje na tieto dom\u00e9ny: <a href=\"https:\/\/zverissimo.sk\/\">zverissimo.sk<\/a><\/p>\n<h3 style=\"margin-top: 50px;\">\u010co s\u00fa s\u00fabory cookies?<\/h3>\n<p>S\u00fabory cookies s\u00fa mal\u00e9 textov\u00e9 s\u00fabory, ktor\u00e9 sa pou\u017e\u00edvaj\u00fa na ukladanie mal\u00fdch k\u00faskov inform\u00e1ci\u00ed. S\u00fabory cookies sa ukladaj\u00fa vo va\u0161om zariaden\u00ed pri na\u010d\u00edtan\u00ed webovej str\u00e1nky vo va\u0161om prehliada\u010di. Tieto s\u00fabory cookie n\u00e1m pom\u00e1haj\u00fa zabezpe\u010di\u0165 spr\u00e1vne fungovanie webovej lokality, zv\u00fd\u0161i\u0165 jej bezpe\u010dnos\u0165, poskytn\u00fa\u0165 lep\u0161iu pou\u017e\u00edvate\u013esk\u00fa sk\u00fasenos\u0165 a pochopi\u0165, ako webov\u00e1 lokalita funguje, a analyzova\u0165, \u010do funguje a kde je potrebn\u00e9 zlep\u0161i\u0165.<\/p>\n<h3 style=\"margin-top: 50px;\">Ako pou\u017e\u00edvame s\u00fabory cookies?<\/h3>\n<p>Ako v\u00e4\u010d\u0161ina online slu\u017eieb, aj na\u0161a webov\u00e1 str\u00e1nka pou\u017e\u00edva cookies prvej strany a cookies tret\u00edch str\u00e1n na mno\u017estvo \u00fa\u010delov. S\u00fabory cookies prvej strany s\u00fa v\u00e4\u010d\u0161inou potrebn\u00e9 na to, aby webov\u00e1 lokalita fungovala spr\u00e1vnym sp\u00f4sobom a nezhroma\u017e\u010fuj\u00fa \u017eiadne va\u0161e osobn\u00e9 \u00fadaje. S\u00fabory cookies tret\u00edch str\u00e1n pou\u017e\u00edvan\u00e9 na na\u0161ich webov\u00fdch str\u00e1nkach sa pou\u017e\u00edvaj\u00fa najm\u00e4 na pochopenie toho, ako str\u00e1nka funguje, ako s na\u0161ou webovou str\u00e1nkou komunikujete, na zabezpe\u010denie na\u0161ich slu\u017eieb, poskytovanie rekl\u00e1m, ktor\u00e9 s\u00fa pre v\u00e1s relevantn\u00e9 a celkovo na poskytovanie lep\u0161ieho pou\u017e\u00edvate\u013esk\u00e9ho z\u00e1\u017eitku. Z\u00e1rove\u0148 v\u00e1m m\u00f4\u017eu pom\u00f4c\u0165 ur\u00fdchli\u0165 va\u0161u bud\u00facu interakciu s na\u0161ou webovou str\u00e1nkou.<\/p>\n<h3 style=\"margin-top: 50px;\">Ak\u00e9 typy cookies pou\u017e\u00edvame?<\/h3>\n<p>S\u00fabory cookies pou\u017e\u00edvan\u00e9 na na\u0161ej webovej lokalite s\u00fa zoskupen\u00e9 do nasleduj\u00facich kateg\u00f3ri\u00ed.<br \/>\n<div class=\"wt-cli-element cli_cookie_category_single\"><div class=\"cli_cookie_category_single\"><h5 class=\"cli_cookie_category_single_hd\">Nevyhnutn\u00e9<\/h5><div class=\"cli_cookie_category_single_description\"><p>Nevyhnutn\u00e9 s\u00fabory cookie s\u00fa absol\u00fatne nevyhnutn\u00e9 pre spr\u00e1vne fungovanie webovej str\u00e1nky. Tieto s\u00fabory cookie anonymne zais\u0165uj\u00fa z\u00e1kladn\u00e9 funkcie a bezpe\u010dnostn\u00e9 prvky webovej str\u00e1nky.\r\n<table class=\"wt-cli-element cookielawinfo-row-cat-table cookielawinfo-winter\"><thead><tr><th scope=\"col\" class=\"cookielawinfo-column-1\">S\u00fabor Cookie<\/th><th scope=\"col\" class=\"cookielawinfo-column-3\">Trvanie<\/th><th scope=\"col\" class=\"cookielawinfo-column-4\">Popis<\/th><\/tr><\/thead><tbody><tr class=\"cookielawinfo-row\"><td class=\"cookielawinfo-column-1\">cookielawinfo-checkbox-advertisement<\/td><td class=\"cookielawinfo-column-3\">1 rok<\/td><td class=\"cookielawinfo-column-4\">Tento s\u00fabor cookie nastaven\u00fd doplnkom GDPR Cookie Consent sa pou\u017e\u00edva na zaznamenanie s\u00fahlasu pou\u017e\u00edvate\u013ea s cookies v kateg\u00f3rii \u201eReklamn\u00e9\u201c.<\/td><\/tr><tr class=\"cookielawinfo-row\"><td class=\"cookielawinfo-column-1\">cookielawinfo-checkbox-analytics<\/td><td class=\"cookielawinfo-column-3\">11 mesiacov<\/td><td class=\"cookielawinfo-column-4\">Tento s\u00fabor cookie je nastaven\u00fd doplnkom GDPR Cookie Consent. S\u00fabor cookie sa pou\u017e\u00edva na ulo\u017eenie s\u00fahlasu pou\u017e\u00edvate\u013ea pre s\u00fabory cookie v kateg\u00f3rii \u201eAnalytick\u00e9\u201c.<\/td><\/tr><tr class=\"cookielawinfo-row\"><td class=\"cookielawinfo-column-1\">cookielawinfo-checkbox-functional<\/td><td class=\"cookielawinfo-column-3\">11 mesiacov<\/td><td class=\"cookielawinfo-column-4\">S\u00fabor cookie je nastaven\u00fd na z\u00e1klade s\u00fahlasu so s\u00fabormi cookie GDPR na zaznamenanie s\u00fahlasu pou\u017e\u00edvate\u013ea pre s\u00fabory cookie v kateg\u00f3rii \u201eFunk\u010dn\u00e9\u201c.<\/td><\/tr><tr class=\"cookielawinfo-row\"><td class=\"cookielawinfo-column-1\">cookielawinfo-checkbox-necessary<\/td><td class=\"cookielawinfo-column-3\">11 mesiacov<\/td><td class=\"cookielawinfo-column-4\">Tento s\u00fabor cookie je nastaven\u00fd doplnkom GDPR Cookie Consent. S\u00fabor cookie sa pou\u017e\u00edva na ulo\u017eenie s\u00fahlasu pou\u017e\u00edvate\u013ea pre s\u00fabory cookie v kateg\u00f3rii \u201eNevyhnutn\u00e9.<\/td><\/tr><tr class=\"cookielawinfo-row\"><td class=\"cookielawinfo-column-1\">cookielawinfo-checkbox-others<\/td><td class=\"cookielawinfo-column-3\">11 mesiacov<\/td><td class=\"cookielawinfo-column-4\">Tento s\u00fabor cookie je nastaven\u00fd doplnkom GDPR Cookie Consent. S\u00fabor cookie sa pou\u017e\u00edva na ulo\u017eenie s\u00fahlasu pou\u017e\u00edvate\u013ea pre s\u00fabory cookie v kateg\u00f3rii \u201eOstatn\u00e9.<\/td><\/tr><tr class=\"cookielawinfo-row\"><td class=\"cookielawinfo-column-1\">cookielawinfo-checkbox-performance<\/td><td class=\"cookielawinfo-column-3\">11 mesiacov<\/td><td class=\"cookielawinfo-column-4\">Tento s\u00fabor cookie je nastaven\u00fd doplnkom GDPR Cookie Consent. S\u00fabor cookie sa pou\u017e\u00edva na ulo\u017eenie s\u00fahlasu pou\u017e\u00edvate\u013ea pre s\u00fabory cookie v kateg\u00f3rii \u201eV\u00fdkonnostn\u00e9\u201c.<\/td><\/tr><tr class=\"cookielawinfo-row\"><td class=\"cookielawinfo-column-1\">viewed_cookie_policy<\/td><td class=\"cookielawinfo-column-3\">11 mesiacov<\/td><td class=\"cookielawinfo-column-4\">S\u00fabor cookie je nastaven\u00fd doplnkom GDPR Cookie Consent a pou\u017e\u00edva sa na ulo\u017eenie toho, \u010di pou\u017e\u00edvate\u013e s\u00fahlasil alebo nes\u00fahlasil s pou\u017e\u00edvan\u00edm s\u00faborov cookie. Neuchov\u00e1va \u017eiadne osobn\u00e9 \u00fadaje.<\/td><\/tr><\/tbody><\/table><\/p><\/div><\/div><div class=\"cli_cookie_category_single\"><h5 class=\"cli_cookie_category_single_hd\">Analytick\u00e9<\/h5><div class=\"cli_cookie_category_single_description\"><p>Analytick\u00e9 cookies sa pou\u017e\u00edvaj\u00fa na pochopenie toho, ako n\u00e1v\u0161tevn\u00edci interaguj\u00fa s webovou str\u00e1nkou. Tieto s\u00fabory cookie pom\u00e1haj\u00fa poskytova\u0165 inform\u00e1cie o metrik\u00e1ch, ako je po\u010det n\u00e1v\u0161tevn\u00edkov, miera odchodov, zdroj n\u00e1v\u0161tevnosti at\u010f.\r\n<table class=\"wt-cli-element cookielawinfo-row-cat-table cookielawinfo-winter\"><thead><tr><th scope=\"col\" class=\"cookielawinfo-column-1\">S\u00fabor Cookie<\/th><th scope=\"col\" class=\"cookielawinfo-column-3\">Trvanie<\/th><th scope=\"col\" class=\"cookielawinfo-column-4\">Popis<\/th><\/tr><\/thead><tbody><tr class=\"cookielawinfo-row\"><td class=\"cookielawinfo-column-1\">_ga<\/td><td class=\"cookielawinfo-column-3\">2 roky<\/td><td class=\"cookielawinfo-column-4\">S\u00fabor cookie _ga nain\u0161talovan\u00fd slu\u017ebou Google Analytics po\u010d\u00edta \u00fadaje o n\u00e1v\u0161tevn\u00edkoch, rel\u00e1ci\u00e1ch a kampaniach a tie\u017e sleduje pou\u017e\u00edvanie str\u00e1nky pre analytick\u00fd preh\u013ead str\u00e1nky. S\u00fabor cookie uklad\u00e1 inform\u00e1cie anonymne a prira\u010fuje n\u00e1hodne vygenerovan\u00e9 \u010d\u00edslo na rozpoznanie jedine\u010dn\u00fdch n\u00e1v\u0161tevn\u00edkov.<\/td><\/tr><tr class=\"cookielawinfo-row\"><td class=\"cookielawinfo-column-1\">_ga_3KRPWH4H8B<\/td><td class=\"cookielawinfo-column-3\">2 roky<\/td><td class=\"cookielawinfo-column-4\">Tento s\u00fabor cookie je nain\u0161talovan\u00fd slu\u017ebou Google Analytics.<\/td><\/tr><\/tbody><\/table><\/p><\/div><\/div><div class=\"cli_cookie_category_single\"><h5 class=\"cli_cookie_category_single_hd\">Reklamn\u00e9<\/h5><div class=\"cli_cookie_category_single_description\"><p>Reklamn\u00e9 s\u00fabory cookie sa pou\u017e\u00edvaj\u00fa na poskytovanie relevantn\u00fdch rekl\u00e1m a marketingov\u00fdch kampan\u00ed n\u00e1v\u0161tevn\u00edkom. Tieto s\u00fabory cookie sleduj\u00fa n\u00e1v\u0161tevn\u00edkov na r\u00f4znych webov\u00fdch str\u00e1nkach a zhroma\u017e\u010fuj\u00fa inform\u00e1cie na poskytovanie prisp\u00f4soben\u00fdch rekl\u00e1m.\r\n<table class=\"wt-cli-element cookielawinfo-row-cat-table cookielawinfo-winter\"><thead><tr><th scope=\"col\" class=\"cookielawinfo-column-1\">S\u00fabor Cookie<\/th><th scope=\"col\" class=\"cookielawinfo-column-3\">Trvanie<\/th><th scope=\"col\" class=\"cookielawinfo-column-4\">Popis<\/th><\/tr><\/thead><tbody><tr class=\"cookielawinfo-row\"><td class=\"cookielawinfo-column-1\">_fbp<\/td><td class=\"cookielawinfo-column-3\">3 mesiace<\/td><td class=\"cookielawinfo-column-4\">Tento s\u00fabor cookie nastavuje spolo\u010dnos\u0165 Facebook tak, aby zobrazovala reklamy na Facebooku alebo na digit\u00e1lnej platforme poh\u00e1\u0148anej reklamami na Facebooku po n\u00e1v\u0161teve webovej str\u00e1nky.<\/td><\/tr><\/tbody><\/table><\/p><\/div><\/div><\/div>\n<h3 style=\"margin-top: 50px;\">Ako m\u00f4\u017eem kontrolova\u0165 preferencie s\u00faborov cookies?<\/h3>\n<p>Predvo\u013eby s\u00faborov cookies m\u00f4\u017eete spravova\u0165 kliknut\u00edm na tla\u010didlo \u201eNastavenia\u201c a povolen\u00edm alebo zak\u00e1zan\u00edm kateg\u00f3ri\u00ed s\u00faborov cookie vo vyskakovacom okne pod\u013ea va\u0161ich preferenci\u00ed. Ak sa nesk\u00f4r rozhodnete zmeni\u0165 svoje predvo\u013eby po\u010das prehliadania, m\u00f4\u017eete na svojej obrazovke klikn\u00fa\u0165 na kartu \u201ePrehodnoti\u0165 s\u00fahlas s cookies\u201c. T\u00fdm sa znova zobraz\u00ed ozn\u00e1menie o s\u00fahlase, ktor\u00e9 v\u00e1m umo\u017en\u00ed zmeni\u0165 va\u0161e preferencie alebo \u00faplne odvola\u0165 svoj s\u00fahlas. Okrem toho r\u00f4zne prehliada\u010de poskytuj\u00fa r\u00f4zne sp\u00f4soby blokovania a odstra\u0148ovania s\u00faborov cookies pou\u017e\u00edvan\u00fdch webov\u00fdmi str\u00e1nkami. M\u00f4\u017eete zmeni\u0165 nastavenia svojho prehliada\u010da tak, aby blokoval\/vymaz\u00e1val cookies. Ak sa chcete dozvedie\u0165 viac o tom, ako spravova\u0165 a odstra\u0148ova\u0165 s\u00fabory cookies, nav\u0161t\u00edvte str\u00e1nku wikipedia.org, www.allaboutcookies.org.<\/p>\n","protected":false},"excerpt":{"rendered":"<p>O z\u00e1sad\u00e1ch pou\u017e\u00edvania s\u00faborov cookies. Tieto Z\u00e1sady pou\u017e\u00edvania s\u00faborov cookies vysvet\u013euj\u00fa, \u010do s\u00fa s\u00fabory cookie a ako ich pou\u017e\u00edvame. Mali by ste si pre\u010d\u00edta\u0165 tieto z\u00e1sady, aby ste pochopili, \u010do s\u00fa s\u00fabory cookies, ako ich pou\u017e\u00edvame, ak\u00e9 typy s\u00faborov cookies pou\u017e\u00edvame, t. j. ak\u00e9 inform\u00e1cie zhroma\u017e\u010fujeme pomocou s\u00faborov cookies a ako sa tieto inform\u00e1cie pou\u017e\u00edvaj\u00fa&#8230;<\/p>\n","protected":false},"author":1,"featured_media":0,"parent":0,"menu_order":0,"comment_status":"closed","ping_status":"closed","template":"","meta":{"inline_featured_image":false},"acf":[],"yoast_head":"<title>Z\u00e1sady cookies - Zverissimo<\/title>\n<meta name=\"robots\" content=\"index, follow, max-snippet:-1, max-image-preview:large, max-video-preview:-1\" \/>\n<link rel=\"canonical\" href=\"https:\/\/zverissimo.sk\/podcast\/zasady-cookies\/\" \/>\n<meta property=\"og:locale\" content=\"sk_SK\" \/>\n<meta property=\"og:type\" content=\"article\" \/>\n<meta property=\"og:title\" content=\"Z\u00e1sady cookies - Zverissimo\" \/>\n<meta property=\"og:description\" content=\"O z\u00e1sad\u00e1ch pou\u017e\u00edvania s\u00faborov cookies. Tieto Z\u00e1sady pou\u017e\u00edvania s\u00faborov cookies vysvet\u013euj\u00fa, \u010do s\u00fa s\u00fabory cookie a ako ich pou\u017e\u00edvame. Mali by ste si pre\u010d\u00edta\u0165 tieto z\u00e1sady, aby ste pochopili, \u010do s\u00fa s\u00fabory cookies, ako ich pou\u017e\u00edvame, ak\u00e9 typy s\u00faborov cookies pou\u017e\u00edvame, t. j. ak\u00e9 inform\u00e1cie zhroma\u017e\u010fujeme pomocou s\u00faborov cookies a ako sa tieto inform\u00e1cie pou\u017e\u00edvaj\u00fa...\" \/>\n<meta property=\"og:url\" content=\"https:\/\/zverissimo.sk\/podcast\/zasady-cookies\/\" \/>\n<meta property=\"og:site_name\" content=\"Zverissimo\" \/>\n<meta property=\"article:publisher\" content=\"https:\/\/www.facebook.com\/zverissimo\" \/>\n<meta property=\"og:image\" content=\"https:\/\/zverissimo.sk\/podcast\/engine\/wp-content\/uploads\/2022\/07\/zverssimo-share-image.jpg\" \/>\n\t<meta property=\"og:image:width\" content=\"1200\" \/>\n\t<meta property=\"og:image:height\" content=\"630\" \/>\n\t<meta property=\"og:image:type\" content=\"image\/jpeg\" \/>\n<meta name=\"twitter:card\" content=\"summary_large_image\" \/>\n<meta name=\"twitter:label1\" content=\"Predpokladan\u00fd \u010das \u010d\u00edtania\" \/>\n\t<meta name=\"twitter:data1\" content=\"3 min\u00faty\" \/>\n<script type=\"application\/ld+json\" class=\"yoast-schema-graph\">{\"@context\":\"https:\/\/schema.org\",\"@graph\":[{\"@type\":\"WebPage\",\"@id\":\"https:\/\/zverissimo.sk\/podcast\/zasady-cookies\/\",\"url\":\"https:\/\/zverissimo.sk\/podcast\/zasady-cookies\/\",\"name\":\"Z\u00e1sady cookies - Zverissimo\",\"isPartOf\":{\"@id\":\"https:\/\/zverissimo.sk\/podcast\/#website\"},\"datePublished\":\"2022-07-22T14:21:18+00:00\",\"dateModified\":\"2022-07-22T14:21:18+00:00\",\"breadcrumb\":{\"@id\":\"https:\/\/zverissimo.sk\/podcast\/zasady-cookies\/#breadcrumb\"},\"inLanguage\":\"sk-SK\",\"potentialAction\":[{\"@type\":\"ReadAction\",\"target\":[\"https:\/\/zverissimo.sk\/podcast\/zasady-cookies\/\"]}]},{\"@type\":\"BreadcrumbList\",\"@id\":\"https:\/\/zverissimo.sk\/podcast\/zasady-cookies\/#breadcrumb\",\"itemListElement\":[{\"@type\":\"ListItem\",\"position\":1,\"name\":\"Domovsk\u00e1 str\u00e1nka\",\"item\":\"https:\/\/zverissimo.sk\/podcast\/\"},{\"@type\":\"ListItem\",\"position\":2,\"name\":\"Z\u00e1sady cookies\"}]},{\"@type\":\"WebSite\",\"@id\":\"https:\/\/zverissimo.sk\/podcast\/#website\",\"url\":\"https:\/\/zverissimo.sk\/podcast\/\",\"name\":\"Zverissimo\",\"description\":\"Podcast: Dvojno\u017eci o \u0161tvorno\u017ecoch\",\"publisher\":{\"@id\":\"https:\/\/zverissimo.sk\/podcast\/#organization\"},\"potentialAction\":[{\"@type\":\"SearchAction\",\"target\":{\"@type\":\"EntryPoint\",\"urlTemplate\":\"https:\/\/zverissimo.sk\/podcast\/?s={search_term_string}\"},\"query-input\":\"required name=search_term_string\"}],\"inLanguage\":\"sk-SK\"},{\"@type\":\"Organization\",\"@id\":\"https:\/\/zverissimo.sk\/podcast\/#organization\",\"name\":\"Zverissimo\",\"url\":\"https:\/\/zverissimo.sk\/podcast\/\",\"logo\":{\"@type\":\"ImageObject\",\"inLanguage\":\"sk-SK\",\"@id\":\"https:\/\/zverissimo.sk\/podcast\/#\/schema\/logo\/image\/\",\"url\":\"https:\/\/zverissimo.sk\/podcast\/engine\/wp-content\/uploads\/2022\/07\/zverissimo_logo.svg\",\"contentUrl\":\"https:\/\/zverissimo.sk\/podcast\/engine\/wp-content\/uploads\/2022\/07\/zverissimo_logo.svg\",\"width\":240,\"height\":35,\"caption\":\"Zverissimo\"},\"image\":{\"@id\":\"https:\/\/zverissimo.sk\/podcast\/#\/schema\/logo\/image\/\"},\"sameAs\":[\"https:\/\/www.instagram.com\/zverissimo_podcast\/\",\"https:\/\/www.facebook.com\/zverissimo\"]}]}<\/script>","yoast_head_json":{"title":"Z\u00e1sady cookies - Zverissimo","robots":{"index":"index","follow":"follow","max-snippet":"max-snippet:-1","max-image-preview":"max-image-preview:large","max-video-preview":"max-video-preview:-1"},"canonical":"https:\/\/zverissimo.sk\/podcast\/zasady-cookies\/","og_locale":"sk_SK","og_type":"article","og_title":"Z\u00e1sady cookies - Zverissimo","og_description":"O z\u00e1sad\u00e1ch pou\u017e\u00edvania s\u00faborov cookies. Tieto Z\u00e1sady pou\u017e\u00edvania s\u00faborov cookies vysvet\u013euj\u00fa, \u010do s\u00fa s\u00fabory cookie a ako ich pou\u017e\u00edvame. Mali by ste si pre\u010d\u00edta\u0165 tieto z\u00e1sady, aby ste pochopili, \u010do s\u00fa s\u00fabory cookies, ako ich pou\u017e\u00edvame, ak\u00e9 typy s\u00faborov cookies pou\u017e\u00edvame, t. j. ak\u00e9 inform\u00e1cie zhroma\u017e\u010fujeme pomocou s\u00faborov cookies a ako sa tieto inform\u00e1cie pou\u017e\u00edvaj\u00fa...","og_url":"https:\/\/zverissimo.sk\/podcast\/zasady-cookies\/","og_site_name":"Zverissimo","article_publisher":"https:\/\/www.facebook.com\/zverissimo","og_image":[{"width":1200,"height":630,"url":"https:\/\/zverissimo.sk\/podcast\/engine\/wp-content\/uploads\/2022\/07\/zverssimo-share-image.jpg","type":"image\/jpeg"}],"twitter_card":"summary_large_image","twitter_misc":{"Predpokladan\u00fd \u010das \u010d\u00edtania":"3 min\u00faty"},"schema":{"@context":"https:\/\/schema.org","@graph":[{"@type":"WebPage","@id":"https:\/\/zverissimo.sk\/podcast\/zasady-cookies\/","url":"https:\/\/zverissimo.sk\/podcast\/zasady-cookies\/","name":"Z\u00e1sady cookies - Zverissimo","isPartOf":{"@id":"https:\/\/zverissimo.sk\/podcast\/#website"},"datePublished":"2022-07-22T14:21:18+00:00","dateModified":"2022-07-22T14:21:18+00:00","breadcrumb":{"@id":"https:\/\/zverissimo.sk\/podcast\/zasady-cookies\/#breadcrumb"},"inLanguage":"sk-SK","potentialAction":[{"@type":"ReadAction","target":["https:\/\/zverissimo.sk\/podcast\/zasady-cookies\/"]}]},{"@type":"BreadcrumbList","@id":"https:\/\/zverissimo.sk\/podcast\/zasady-cookies\/#breadcrumb","itemListElement":[{"@type":"ListItem","position":1,"name":"Domovsk\u00e1 str\u00e1nka","item":"https:\/\/zverissimo.sk\/podcast\/"},{"@type":"ListItem","position":2,"name":"Z\u00e1sady cookies"}]},{"@type":"WebSite","@id":"https:\/\/zverissimo.sk\/podcast\/#website","url":"https:\/\/zverissimo.sk\/podcast\/","name":"Zverissimo","description":"Podcast: Dvojno\u017eci o \u0161tvorno\u017ecoch","publisher":{"@id":"https:\/\/zverissimo.sk\/podcast\/#organization"},"potentialAction":[{"@type":"SearchAction","target":{"@type":"EntryPoint","urlTemplate":"https:\/\/zverissimo.sk\/podcast\/?s={search_term_string}"},"query-input":"required name=search_term_string"}],"inLanguage":"sk-SK"},{"@type":"Organization","@id":"https:\/\/zverissimo.sk\/podcast\/#organization","name":"Zverissimo","url":"https:\/\/zverissimo.sk\/podcast\/","logo":{"@type":"ImageObject","inLanguage":"sk-SK","@id":"https:\/\/zverissimo.sk\/podcast\/#\/schema\/logo\/image\/","url":"https:\/\/zverissimo.sk\/podcast\/engine\/wp-content\/uploads\/2022\/07\/zverissimo_logo.svg","contentUrl":"https:\/\/zverissimo.sk\/podcast\/engine\/wp-content\/uploads\/2022\/07\/zverissimo_logo.svg","width":240,"height":35,"caption":"Zverissimo"},"image":{"@id":"https:\/\/zverissimo.sk\/podcast\/#\/schema\/logo\/image\/"},"sameAs":["https:\/\/www.instagram.com\/zverissimo_podcast\/","https:\/\/www.facebook.com\/zverissimo"]}]}},"_links":{"self":[{"href":"https:\/\/zverissimo.sk\/podcast\/wp-json\/wp\/v2\/pages\/218"}],"collection":[{"href":"https:\/\/zverissimo.sk\/podcast\/wp-json\/wp\/v2\/pages"}],"about":[{"href":"https:\/\/zverissimo.sk\/podcast\/wp-json\/wp\/v2\/types\/page"}],"author":[{"embeddable":true,"href":"https:\/\/zverissimo.sk\/podcast\/wp-json\/wp\/v2\/users\/1"}],"replies":[{"embeddable":true,"href":"https:\/\/zverissimo.sk\/podcast\/wp-json\/wp\/v2\/comments?post=218"}],"version-history":[{"count":1,"href":"https:\/\/zverissimo.sk\/podcast\/wp-json\/wp\/v2\/pages\/218\/revisions"}],"predecessor-version":[{"id":219,"href":"https:\/\/zverissimo.sk\/podcast\/wp-json\/wp\/v2\/pages\/218\/revisions\/219"}],"wp:attachment":[{"href":"https:\/\/zverissimo.sk\/podcast\/wp-json\/wp\/v2\/media?parent=218"}],"curies":[{"name":"wp","href":"https:\/\/api.w.org\/{rel}","templated":true}]}}